{"id":111,"date":"2020-11-04T08:51:02","date_gmt":"2020-11-04T08:51:02","guid":{"rendered":"http:\/\/spielraum-froschlache.de\/?page_id=111"},"modified":"2024-02-13T15:40:07","modified_gmt":"2024-02-13T15:40:07","slug":"sozialpaedagogische-lernfoederung-und-ausserschulische-jugendbildung","status":"publish","type":"page","link":"https:\/\/spielraum-froschlache.de\/?page_id=111","title":{"rendered":"Sozialp\u00e4dagogische Lernf\u00f6derung und au\u00dferschulische Jugendbildung"},"content":{"rendered":"\n<p>&#8222;LuSt&#8220;, das Ludwigshafener St\u00e4rkungssystem f\u00fcr verbesserte Bildungschancen von Kindern und Jugendlichen mit besonderem F\u00f6rderbedarf.<\/p>\n\n\n\n<p>Die letzten Jahre zeigen uns, dass auch dieser Bereich einer unserer Arbeitsschwerpunkte ist. Im Spielraum Froschlache wird &#8222;LuSt&#8220; in zwei Formen umgesetzt:                                                      Au\u00dferschulische Jugendbildung und sozialp\u00e4dagogische Lernf\u00f6rderung. <\/p>\n\n\n\n<p>Die au\u00dferschulische Jugendbildung findet von Montag bis Donnerstag von 14 bis 16 Uhr statt.<\/p>\n\n\n\n<p>Die sozialp\u00e4dagogische Lernf\u00f6rderung findet Dienstag bis Donnerstag von 14 bis 16 Uhr und Mittwoch von 14 bis 18 Uhr statt.                                                                                                              Beides sind offene Angebote im Spielraum Froschlache, sodass unsere Besucher*innen diese ohne vorherige Anmeldung nutzen k\u00f6nnen.<\/p>\n\n\n\n<p>Unsere Besucher*innen k\u00f6nnen hier gezielt schulische Unterst\u00fctzung und F\u00f6rderung erhalten.<\/p>\n\n\n\n<p>Bei weiteren Fragen k\u00f6nnt ihr euch gerne bei uns in der Einrichtung melden.<\/p>\n","protected":false},"excerpt":{"rendered":"<p>&#8222;LuSt&#8220;, das Ludwigshafener St\u00e4rkungssystem f\u00fcr verbesserte Bildungschancen von Kindern und Jugendlichen mit besonderem F\u00f6rderbedarf. Die letzten Jahre zeigen uns, dass auch dieser Bereich einer unserer Arbeitsschwerpunkte ist. Im Spielraum Froschlache wird &#8222;LuSt&#8220; in zwei Formen umgesetzt: Au\u00dferschulische Jugendbildung und sozialp\u00e4dagogische [&hellip;]<\/p>\n","protected":false},"author":2,"featured_media":0,"parent":0,"menu_order":0,"comment_status":"closed","ping_status":"closed","template":"","meta":{"footnotes":""},"class_list":["post-111","page","type-page","status-publish","hentry"],"_links":{"self":[{"href":"https:\/\/spielraum-froschlache.de\/index.php?rest_route=\/wp\/v2\/pages\/111","targetHints":{"allow":["GET"]}}],"collection":[{"href":"https:\/\/spielraum-froschlache.de\/index.php?rest_route=\/wp\/v2\/pages"}],"about":[{"href":"https:\/\/spielraum-froschlache.de\/index.php?rest_route=\/wp\/v2\/types\/page"}],"author":[{"embeddable":true,"href":"https:\/\/spielraum-froschlache.de\/index.php?rest_route=\/wp\/v2\/users\/2"}],"replies":[{"embeddable":true,"href":"https:\/\/spielraum-froschlache.de\/index.php?rest_route=%2Fwp%2Fv2%2Fcomments&post=111"}],"version-history":[{"count":5,"href":"https:\/\/spielraum-froschlache.de\/index.php?rest_route=\/wp\/v2\/pages\/111\/revisions"}],"predecessor-version":[{"id":279,"href":"https:\/\/spielraum-froschlache.de\/index.php?rest_route=\/wp\/v2\/pages\/111\/revisions\/279"}],"wp:attachment":[{"href":"https:\/\/spielraum-froschlache.de\/index.php?rest_route=%2Fwp%2Fv2%2Fmedia&parent=111"}],"curies":[{"name":"wp","href":"https:\/\/api.w.org\/{rel}","templated":true}]}}