{"id":15,"date":"2019-04-05T08:42:13","date_gmt":"2019-04-05T08:42:13","guid":{"rendered":"http:\/\/spielraum-froschlache.de\/?page_id=15"},"modified":"2025-03-28T12:27:22","modified_gmt":"2025-03-28T12:27:22","slug":"aktuelle-angebote","status":"publish","type":"page","link":"https:\/\/spielraum-froschlache.de\/?page_id=15","title":{"rendered":"Aktuelle Angebote"},"content":{"rendered":"\n<p>Hier findet ihr unsere regelm\u00e4\u00dfig wechselnden Angebote f\u00fcr Kinder und Jugendliche, welche wir in Form eines Wochenplans ver\u00f6ffentlichen und jede Woche aktualisieren. Es lohnt sich also regelm\u00e4\u00dfig auf unserer Homepage vorbeizuschauen!<\/p>\n\n\n\n<p><\/p>\n","protected":false},"excerpt":{"rendered":"<p>Hier findet ihr unsere regelm\u00e4\u00dfig wechselnden Angebote f\u00fcr Kinder und Jugendliche, welche wir in Form eines Wochenplans ver\u00f6ffentlichen und jede Woche aktualisieren. Es lohnt sich also regelm\u00e4\u00dfig auf unserer Homepage vorbeizuschauen!<\/p>\n","protected":false},"author":1,"featured_media":0,"parent":0,"menu_order":0,"comment_status":"closed","ping_status":"closed","template":"","meta":{"footnotes":""},"class_list":["post-15","page","type-page","status-publish","hentry"],"_links":{"self":[{"href":"https:\/\/spielraum-froschlache.de\/index.php?rest_route=\/wp\/v2\/pages\/15","targetHints":{"allow":["GET"]}}],"collection":[{"href":"https:\/\/spielraum-froschlache.de\/index.php?rest_route=\/wp\/v2\/pages"}],"about":[{"href":"https:\/\/spielraum-froschlache.de\/index.php?rest_route=\/wp\/v2\/types\/page"}],"author":[{"embeddable":true,"href":"https:\/\/spielraum-froschlache.de\/index.php?rest_route=\/wp\/v2\/users\/1"}],"replies":[{"embeddable":true,"href":"https:\/\/spielraum-froschlache.de\/index.php?rest_route=%2Fwp%2Fv2%2Fcomments&post=15"}],"version-history":[{"count":61,"href":"https:\/\/spielraum-froschlache.de\/index.php?rest_route=\/wp\/v2\/pages\/15\/revisions"}],"predecessor-version":[{"id":320,"href":"https:\/\/spielraum-froschlache.de\/index.php?rest_route=\/wp\/v2\/pages\/15\/revisions\/320"}],"wp:attachment":[{"href":"https:\/\/spielraum-froschlache.de\/index.php?rest_route=%2Fwp%2Fv2%2Fmedia&parent=15"}],"curies":[{"name":"wp","href":"https:\/\/api.w.org\/{rel}","templated":true}]}}