{"id":2,"date":"2016-05-10T03:48:21","date_gmt":"2016-05-10T03:48:21","guid":{"rendered":"http:\/\/spielraum-froschlache.de\/?page_id=2"},"modified":"2024-02-13T15:37:08","modified_gmt":"2024-02-13T15:37:08","slug":"sample-page","status":"publish","type":"page","link":"https:\/\/spielraum-froschlache.de\/?page_id=2","title":{"rendered":"Kleinkindgruppe"},"content":{"rendered":"\n<p>Die Kleinkindgruppe findet jeweils Montag und Mittwoch von 10 bis 12 Uhr statt. Hier haben Kinder bis drei Jahre die M\u00f6glichkeit, erste soziale Kontakte zu kn\u00fcpfen und an ersten, kleinen sozialp\u00e4dagogischen Angeboten teilzunehmen.<\/p>\n\n\n\n<p>Die Eltern haben hier die Chance, sich auszutauschen oder \u00fcber Themen, die sie aktuell besch\u00e4ftigen, zu sprechen. In Gespr\u00e4chen mit den Fachkr\u00e4ften k\u00f6nnen Eltern Unterst\u00fctzung in unterschiedlichsten p\u00e4dagogischen Thematiken erhalten.<\/p>\n\n\n\n<p>Angebote und Aktionen:                                                                                                                                      W\u00e4hrend der Kleinkindgruppe gibt es immer wieder unterschiedlichste Angebote: Erstes Malen und Basteln, kleinere Arbeiten mit Holz, gemeinsame Feste feiern oder themenbasiertes Basteln zu Festen und Jahreszeiten.<\/p>\n\n\n\n<p>Leider haben wir momentan keine freien Pl\u00e4tze in der Eltern Kind Gruppe. Ihr k\u00f6nnt euch allerdings trotzdem gerne bei uns melden. Wir schreiben euch dann auf unsere Warteliste und melden uns sobald ein Platz frei wird.<\/p>\n\n\n\n<p><\/p>\n\n\n\n<p><\/p>\n\n\n\n<p><\/p>\n\n\n\n<p><\/p>\n","protected":false},"excerpt":{"rendered":"<p>Die Kleinkindgruppe findet jeweils Montag und Mittwoch von 10 bis 12 Uhr statt. Hier haben Kinder bis drei Jahre die M\u00f6glichkeit, erste soziale Kontakte zu kn\u00fcpfen und an ersten, kleinen sozialp\u00e4dagogischen Angeboten teilzunehmen. Die Eltern haben hier die Chance, sich [&hellip;]<\/p>\n","protected":false},"author":1,"featured_media":0,"parent":0,"menu_order":0,"comment_status":"closed","ping_status":"open","template":"","meta":{"footnotes":""},"class_list":["post-2","page","type-page","status-publish","hentry"],"_links":{"self":[{"href":"https:\/\/spielraum-froschlache.de\/index.php?rest_route=\/wp\/v2\/pages\/2","targetHints":{"allow":["GET"]}}],"collection":[{"href":"https:\/\/spielraum-froschlache.de\/index.php?rest_route=\/wp\/v2\/pages"}],"about":[{"href":"https:\/\/spielraum-froschlache.de\/index.php?rest_route=\/wp\/v2\/types\/page"}],"author":[{"embeddable":true,"href":"https:\/\/spielraum-froschlache.de\/index.php?rest_route=\/wp\/v2\/users\/1"}],"replies":[{"embeddable":true,"href":"https:\/\/spielraum-froschlache.de\/index.php?rest_route=%2Fwp%2Fv2%2Fcomments&post=2"}],"version-history":[{"count":10,"href":"https:\/\/spielraum-froschlache.de\/index.php?rest_route=\/wp\/v2\/pages\/2\/revisions"}],"predecessor-version":[{"id":277,"href":"https:\/\/spielraum-froschlache.de\/index.php?rest_route=\/wp\/v2\/pages\/2\/revisions\/277"}],"wp:attachment":[{"href":"https:\/\/spielraum-froschlache.de\/index.php?rest_route=%2Fwp%2Fv2%2Fmedia&parent=2"}],"curies":[{"name":"wp","href":"https:\/\/api.w.org\/{rel}","templated":true}]}}